{"id":275,"date":"2019-08-20T23:13:39","date_gmt":"2019-08-21T06:13:39","guid":{"rendered":"http:\/\/sango.w2steam.com\/?post_type=product&#038;p=275"},"modified":"2019-08-20T23:26:24","modified_gmt":"2019-08-21T06:26:24","slug":"san-go-cam-nam-my-morado","status":"publish","type":"product","link":"https:\/\/websango.vidoweb.vn\/?product=san-go-cam-nam-my-morado","title":{"rendered":"S\u00e0n g\u1ed7 C\u1ea9m Nam M\u1ef9 (MORADO)"},"content":{"rendered":"<p><strong>G\u1ed7 c\u1ea9m lai<\/strong>\u00a0l\u00e0 m\u1ed9t trong nh\u1eefng lo\u1ea1i g\u1ed7 t\u1ef1 nhi\u00ean; c\u00f3 gi\u00e1 tr\u1ecb cao hi\u1ec7n nay v\u00e0 \u0111\u01b0\u1ee3c \u1ee9ng d\u1ee5ng r\u1ed9ng r\u00e3i trong ho\u1ea1t \u0111\u1ed9ng s\u1ea3n xu\u1ea5t \u0111\u1ed3 g\u1ed7. B\u1edfi v\u00ec c\u00e1c s\u1ea3n ph\u1ea9m n\u1ed9i th\u1ea5t \u0111\u01b0\u1ee3c t\u00f4n l\u00ean nh\u1edd \u0111\u1ed9 b\u1ec1n cao, hoa v\u0103n \u0111\u1eb9p.<\/p>\n<p><img loading=\"lazy\" decoding=\"async\" class=\"aligncenter size-full wp-image-249\" src=\"https:\/\/sangosht.vn\/wp-content\/uploads\/2019\/05\/Cam-lai-1.jpg\" sizes=\"auto, (max-width: 386px) 100vw, 386px\" srcset=\"https:\/\/sangosht.vn\/wp-content\/uploads\/2019\/05\/Cam-lai-1.jpg 386w, https:\/\/sangosht.vn\/wp-content\/uploads\/2019\/05\/Cam-lai-1-300x178.jpg 300w\" alt=\"\" width=\"386\" height=\"229\" \/><\/p>\n","protected":false},"excerpt":{"rendered":"<ul>\n<li>K\u00edch th\u01b0\u1edbc: 15;18 x 60;90;120 x 600;750;900;1200;1500<\/li>\n<li>Big size: 15:18 x 150; 180 x 1500;1800 (D\u00e0y x R\u1ed9ng x D\u00e0i)<\/li>\n<li>\u0110\u1ed9 \u1ea9m t\u1eeb 10 \u0111\u1ebfn 12%<\/li>\n<li>C\u1ea1nh ph\u1ee7 s\u00e1p n\u1ebfn ch\u1ed1ng \u1ea9m<\/li>\n<li>S\u01a1n UV 8 l\u1edbp ho\u00e0n thi\u1ec7n<\/li>\n<li>Kh\u1ea3 n\u0103ng ch\u1ecbu m\u00e0i m\u00f2n, ch\u1ed1ng tr\u1ea7y x\u01b0\u1edbc b\u1ec1 m\u1eb7t, ch\u1ed1ng cong v\u00eanh<\/li>\n<\/ul>\n","protected":false},"featured_media":277,"comment_status":"open","ping_status":"closed","template":"","meta":{"_acf_changed":false},"product_brand":[],"product_cat":[15],"product_tag":[],"yst_prominent_words":[],"class_list":{"0":"post-275","1":"product","2":"type-product","3":"status-publish","4":"has-post-thumbnail","6":"product_cat-san-go-tu-nhien-sht","8":"first","9":"instock","10":"shipping-taxable","11":"product-type-simple"},"acf":[],"_links":{"self":[{"href":"https:\/\/websango.vidoweb.vn\/index.php?rest_route=\/wp\/v2\/product\/275","targetHints":{"allow":["GET"]}}],"collection":[{"href":"https:\/\/websango.vidoweb.vn\/index.php?rest_route=\/wp\/v2\/product"}],"about":[{"href":"https:\/\/websango.vidoweb.vn\/index.php?rest_route=\/wp\/v2\/types\/product"}],"replies":[{"embeddable":true,"href":"https:\/\/websango.vidoweb.vn\/index.php?rest_route=%2Fwp%2Fv2%2Fcomments&post=275"}],"wp:featuredmedia":[{"embeddable":true,"href":"https:\/\/websango.vidoweb.vn\/index.php?rest_route=\/wp\/v2\/media\/277"}],"wp:attachment":[{"href":"https:\/\/websango.vidoweb.vn\/index.php?rest_route=%2Fwp%2Fv2%2Fmedia&parent=275"}],"wp:term":[{"taxonomy":"product_brand","embeddable":true,"href":"https:\/\/websango.vidoweb.vn\/index.php?rest_route=%2Fwp%2Fv2%2Fproduct_brand&post=275"},{"taxonomy":"product_cat","embeddable":true,"href":"https:\/\/websango.vidoweb.vn\/index.php?rest_route=%2Fwp%2Fv2%2Fproduct_cat&post=275"},{"taxonomy":"product_tag","embeddable":true,"href":"https:\/\/websango.vidoweb.vn\/index.php?rest_route=%2Fwp%2Fv2%2Fproduct_tag&post=275"},{"taxonomy":"yst_prominent_words","embeddable":true,"href":"https:\/\/websango.vidoweb.vn\/index.php?rest_route=%2Fwp%2Fv2%2Fyst_prominent_words&post=275"}],"curies":[{"name":"wp","href":"https:\/\/api.w.org\/{rel}","templated":true}]}}