{"id":382,"date":"2019-08-21T02:24:43","date_gmt":"2019-08-21T09:24:43","guid":{"rendered":"http:\/\/sango.w2steam.com\/?post_type=product&#038;p=382"},"modified":"2019-08-21T02:24:43","modified_gmt":"2019-08-21T09:24:43","slug":"cot-nha-go","status":"publish","type":"product","link":"https:\/\/websango.vidoweb.vn\/?product=cot-nha-go","title":{"rendered":"C\u1ed9t nh\u00e0 g\u1ed7"},"content":{"rendered":"","protected":false},"excerpt":{"rendered":"<ul>\n<li>Xu\u1ea5t x\u1ee9: Vi\u1ec7t Nam\/ L\u00e0o<\/li>\n<li>G\u1ed7: G\u1ed7 lim, g\u1ed7 xoan \u0111\u00e0o<\/li>\n<li>Ch\u1ea5t l\u01b0\u1ee3ng: G\u1ed7 kh\u00f4, \u0111\u00e3 s\u01a1 ch\u1ebf<\/li>\n<\/ul>\n","protected":false},"featured_media":383,"comment_status":"open","ping_status":"closed","template":"","meta":{"_acf_changed":false},"product_brand":[],"product_cat":[25],"product_tag":[],"yst_prominent_words":[],"class_list":{"0":"post-382","1":"product","2":"type-product","3":"status-publish","4":"has-post-thumbnail","6":"product_cat-san-pham-khac","8":"first","9":"instock","10":"shipping-taxable","11":"product-type-simple"},"acf":[],"_links":{"self":[{"href":"https:\/\/websango.vidoweb.vn\/index.php?rest_route=\/wp\/v2\/product\/382","targetHints":{"allow":["GET"]}}],"collection":[{"href":"https:\/\/websango.vidoweb.vn\/index.php?rest_route=\/wp\/v2\/product"}],"about":[{"href":"https:\/\/websango.vidoweb.vn\/index.php?rest_route=\/wp\/v2\/types\/product"}],"replies":[{"embeddable":true,"href":"https:\/\/websango.vidoweb.vn\/index.php?rest_route=%2Fwp%2Fv2%2Fcomments&post=382"}],"wp:featuredmedia":[{"embeddable":true,"href":"https:\/\/websango.vidoweb.vn\/index.php?rest_route=\/wp\/v2\/media\/383"}],"wp:attachment":[{"href":"https:\/\/websango.vidoweb.vn\/index.php?rest_route=%2Fwp%2Fv2%2Fmedia&parent=382"}],"wp:term":[{"taxonomy":"product_brand","embeddable":true,"href":"https:\/\/websango.vidoweb.vn\/index.php?rest_route=%2Fwp%2Fv2%2Fproduct_brand&post=382"},{"taxonomy":"product_cat","embeddable":true,"href":"https:\/\/websango.vidoweb.vn\/index.php?rest_route=%2Fwp%2Fv2%2Fproduct_cat&post=382"},{"taxonomy":"product_tag","embeddable":true,"href":"https:\/\/websango.vidoweb.vn\/index.php?rest_route=%2Fwp%2Fv2%2Fproduct_tag&post=382"},{"taxonomy":"yst_prominent_words","embeddable":true,"href":"https:\/\/websango.vidoweb.vn\/index.php?rest_route=%2Fwp%2Fv2%2Fyst_prominent_words&post=382"}],"curies":[{"name":"wp","href":"https:\/\/api.w.org\/{rel}","templated":true}]}}